{"id":15,"date":"2023-11-13T08:39:08","date_gmt":"2023-11-13T08:39:08","guid":{"rendered":"https:\/\/monika.versify.digital\/?page_id=15"},"modified":"2023-11-15T09:27:34","modified_gmt":"2023-11-15T09:27:34","slug":"monika-baublyte","status":"publish","type":"page","link":"https:\/\/monika.versify.digital\/index.php\/monika-baublyte\/","title":{"rendered":"Monika Baublyt\u0117"},"content":{"rendered":"\t\t<div data-elementor-type=\"wp-page\" data-elementor-id=\"15\" class=\"elementor elementor-15\" data-elementor-post-type=\"page\">\n\t\t\t\t\t\t\t<div class=\"elementor-element elementor-element-709c33b e-flex e-con-boxed e-con e-parent\" data-id=\"709c33b\" data-element_type=\"container\" data-settings=\"{&quot;content_width&quot;:&quot;boxed&quot;}\" data-core-v316-plus=\"true\">\n\t\t\t\t\t<div class=\"e-con-inner\">\n\t\t\t\t<div class=\"elementor-element elementor-element-a9efb38 elementor-widget elementor-widget-heading\" data-id=\"a9efb38\" data-element_type=\"widget\" data-widget_type=\"heading.default\">\n\t\t\t\t<div class=\"elementor-widget-container\">\n\t\t\t<style>\/*! elementor - v3.17.0 - 08-11-2023 *\/\n.elementor-heading-title{padding:0;margin:0;line-height:1}.elementor-widget-heading .elementor-heading-title[class*=elementor-size-]>a{color:inherit;font-size:inherit;line-height:inherit}.elementor-widget-heading .elementor-heading-title.elementor-size-small{font-size:15px}.elementor-widget-heading .elementor-heading-title.elementor-size-medium{font-size:19px}.elementor-widget-heading .elementor-heading-title.elementor-size-large{font-size:29px}.elementor-widget-heading .elementor-heading-title.elementor-size-xl{font-size:39px}.elementor-widget-heading .elementor-heading-title.elementor-size-xxl{font-size:59px}<\/style><h2 class=\"elementor-heading-title elementor-size-default\">Myl\u0117ti save \u2013 tai atrasti savo unikal\u0173 gro\u017e\u012f ir priimti j\u012f su visomis spalvomis. Kiekvienas esame nepakartojamas \u0161edevras, vertas meil\u0117s ir pagarbos.<\/h2>\t\t<\/div>\n\t\t\t\t<\/div>\n\t\t\t\t<div class=\"elementor-element elementor-element-212b7ee elementor-widget elementor-widget-image\" data-id=\"212b7ee\" data-element_type=\"widget\" data-widget_type=\"image.default\">\n\t\t\t\t<div class=\"elementor-widget-container\">\n\t\t\t<style>\/*! elementor - v3.17.0 - 08-11-2023 *\/\n.elementor-widget-image{text-align:center}.elementor-widget-image a{display:inline-block}.elementor-widget-image a img[src$=\".svg\"]{width:48px}.elementor-widget-image img{vertical-align:middle;display:inline-block}<\/style>\t\t\t\t\t\t\t\t\t\t\t\t<img fetchpriority=\"high\" decoding=\"async\" width=\"564\" height=\"1003\" src=\"https:\/\/monika.versify.digital\/wp-content\/uploads\/2023\/11\/Black-Aesthetic-Wallpapers-Download-Free-Black-Wallpapers-2023.jpg\" class=\"attachment-large size-large wp-image-28\" alt=\"\" srcset=\"https:\/\/monika.versify.digital\/wp-content\/uploads\/2023\/11\/Black-Aesthetic-Wallpapers-Download-Free-Black-Wallpapers-2023.jpg 564w, https:\/\/monika.versify.digital\/wp-content\/uploads\/2023\/11\/Black-Aesthetic-Wallpapers-Download-Free-Black-Wallpapers-2023-169x300.jpg 169w\" sizes=\"(max-width: 564px) 100vw, 564px\" \/>\t\t\t\t\t\t\t\t\t\t\t\t\t\t\t<\/div>\n\t\t\t\t<\/div>\n\t\t<div class=\"elementor-element elementor-element-0fc360e e-flex e-con-boxed e-con e-child\" data-id=\"0fc360e\" data-element_type=\"container\" data-settings=\"{&quot;content_width&quot;:&quot;boxed&quot;}\">\n\t\t\t\t\t<div class=\"e-con-inner\">\n\t\t\t\t<div class=\"elementor-element elementor-element-10fec4e elementor-widget elementor-widget-heading\" data-id=\"10fec4e\" data-element_type=\"widget\" data-widget_type=\"heading.default\">\n\t\t\t\t<div class=\"elementor-widget-container\">\n\t\t\t<h2 class=\"elementor-heading-title elementor-size-default\">Kai pamilau save, visas pasaulis atsiskleid\u0117 naujomis spalvomis. Suprantu, kad kiekviena mano mintis, kiekvienas jausmas yra brangus ir vertingas. I\u0161mokstu vertinti savo unikalum\u0105 ir atrasti gro\u017e\u012f kasdien\u0117se akimirkose. \u0160i meil\u0117 sau leid\u017eia man b\u016bti laisvam ir atviram, suteikia dr\u0105sos eiti savo keliu. Savigrau\u017ea ir abejon\u0117s pama\u017eu i\u0161nyksta, o vietoj j\u0173 atsiranda ramyb\u0117 ir d\u017eiaugsmas b\u016bti tikru savimi.<\/h2>\t\t<\/div>\n\t\t\t\t<\/div>\n\t\t\t\t\t<\/div>\n\t\t\t\t<\/div>\n\t\t\t\t<div class=\"elementor-element elementor-element-662029e elementor-widget elementor-widget-image\" data-id=\"662029e\" data-element_type=\"widget\" data-widget_type=\"image.default\">\n\t\t\t\t<div class=\"elementor-widget-container\">\n\t\t\t\t\t\t\t\t\t\t\t\t\t\t\t<img decoding=\"async\" width=\"683\" height=\"1024\" src=\"https:\/\/monika.versify.digital\/wp-content\/uploads\/2023\/11\/IMG_2057-1-683x1024.jpg\" class=\"attachment-large size-large wp-image-17\" alt=\"\" srcset=\"https:\/\/monika.versify.digital\/wp-content\/uploads\/2023\/11\/IMG_2057-1-683x1024.jpg 683w, https:\/\/monika.versify.digital\/wp-content\/uploads\/2023\/11\/IMG_2057-1-200x300.jpg 200w, https:\/\/monika.versify.digital\/wp-content\/uploads\/2023\/11\/IMG_2057-1-768x1152.jpg 768w, https:\/\/monika.versify.digital\/wp-content\/uploads\/2023\/11\/IMG_2057-1-1024x1536.jpg 1024w, https:\/\/monika.versify.digital\/wp-content\/uploads\/2023\/11\/IMG_2057-1-1365x2048.jpg 1365w, https:\/\/monika.versify.digital\/wp-content\/uploads\/2023\/11\/IMG_2057-1-scaled.jpg 1706w\" sizes=\"(max-width: 683px) 100vw, 683px\" \/>\t\t\t\t\t\t\t\t\t\t\t\t\t\t\t<\/div>\n\t\t\t\t<\/div>\n\t\t\t\t<div class=\"elementor-element elementor-element-a64d58d elementor-widget elementor-widget-image\" data-id=\"a64d58d\" data-element_type=\"widget\" data-widget_type=\"image.default\">\n\t\t\t\t<div class=\"elementor-widget-container\">\n\t\t\t\t\t\t\t\t\t\t\t\t\t\t\t<img decoding=\"async\" width=\"683\" height=\"1024\" src=\"https:\/\/monika.versify.digital\/wp-content\/uploads\/2023\/11\/1M0A6225-Edit-2-683x1024.jpg\" class=\"attachment-large size-large wp-image-12\" alt=\"\" srcset=\"https:\/\/monika.versify.digital\/wp-content\/uploads\/2023\/11\/1M0A6225-Edit-2-683x1024.jpg 683w, https:\/\/monika.versify.digital\/wp-content\/uploads\/2023\/11\/1M0A6225-Edit-2-200x300.jpg 200w, https:\/\/monika.versify.digital\/wp-content\/uploads\/2023\/11\/1M0A6225-Edit-2-768x1152.jpg 768w, https:\/\/monika.versify.digital\/wp-content\/uploads\/2023\/11\/1M0A6225-Edit-2-1024x1536.jpg 1024w, https:\/\/monika.versify.digital\/wp-content\/uploads\/2023\/11\/1M0A6225-Edit-2-1365x2048.jpg 1365w, https:\/\/monika.versify.digital\/wp-content\/uploads\/2023\/11\/1M0A6225-Edit-2-scaled.jpg 1706w\" sizes=\"(max-width: 683px) 100vw, 683px\" \/>\t\t\t\t\t\t\t\t\t\t\t\t\t\t\t<\/div>\n\t\t\t\t<\/div>\n\t\t\t\t\t<\/div>\n\t\t\t\t<\/div>\n\t\t<div class=\"elementor-element elementor-element-7ff1ee8 e-flex e-con-boxed e-con e-parent\" data-id=\"7ff1ee8\" data-element_type=\"container\" data-settings=\"{&quot;background_background&quot;:&quot;classic&quot;,&quot;content_width&quot;:&quot;boxed&quot;}\" data-core-v316-plus=\"true\">\n\t\t\t\t\t<div class=\"e-con-inner\">\n\t\t\t\t<div class=\"elementor-element elementor-element-97887e6 elementor-widget elementor-widget-heading\" data-id=\"97887e6\" data-element_type=\"widget\" data-widget_type=\"heading.default\">\n\t\t\t\t<div class=\"elementor-widget-container\">\n\t\t\t<h2 class=\"elementor-heading-title elementor-size-default\">3 TAISYKL\u0116S, KO NEREIKTU DARYTI\n\n1. Nelyginti Sav\u0119s su Kitais: Save mylinti moteris tur\u0117t\u0173 vengti sav\u0119s palyginim\u0173 su kitomis moterimis, nes tai gali sukelti nereikaling\u0105 pasitik\u0117jimo savimi praradim\u0105 ir neigiamas emocijas. Kiekviena moteris yra unikali, ir svarbu vertinti bei myl\u0117ti savo individualum\u0105.<br>\n2. Neneigti savo jausm\u0173 ir poreiki\u0173: Svarbu neignoruoti ir neatsisakyti savo jausm\u0173, nor\u0173 ir poreiki\u0173. Save mylinti moteris tur\u0117t\u0173 i\u0161mokti suprasti ir gerbti savo emocinius poreikius, neleisti kitiems juos menkinti ar ignoruoti.<br>\n3. Nesig\u0117dyti padaryt\u0173 klaid\u0173: Klaidos yra mokymosi ir augimo dalis. Svarbu j\u0173 nesig\u0117dyti, bet priimti kaip galimyb\u0119 mokytis ir tobul\u0117ti. Save mylinti moteris tur\u0117t\u0173 suprasti, kad tobulumo siekimas yra nerealus ir kad kiekvienas nepasisekimas yra \u017eingsnis link asmeninio tobul\u0117jimo.<\/h2>\t\t<\/div>\n\t\t\t\t<\/div>\n\t\t\t\t\t<\/div>\n\t\t\t\t<\/div>\n\t\t\t\t\t\t\t<\/div>\n\t\t","protected":false},"excerpt":{"rendered":"<p>Myl\u0117ti save \u2013 tai atrasti savo unikal\u0173 gro\u017e\u012f ir priimti j\u012f su visomis spalvomis. Kiekvienas esame nepakartojamas \u0161edevras, vertas meil\u0117s ir pagarbos. Kai pamilau save, visas pasaulis atsiskleid\u0117 naujomis spalvomis. Suprantu, kad kiekviena mano mintis, kiekvienas jausmas yra brangus ir vertingas. I\u0161mokstu vertinti savo unikalum\u0105 ir atrasti gro\u017e\u012f kasdien\u0117se akimirkose. \u0160i meil\u0117 sau leid\u017eia man [&hellip;]<\/p>\n","protected":false},"author":1,"featured_media":0,"parent":0,"menu_order":0,"comment_status":"closed","ping_status":"closed","template":"","meta":{"footnotes":""},"_links":{"self":[{"href":"https:\/\/monika.versify.digital\/index.php\/wp-json\/wp\/v2\/pages\/15"}],"collection":[{"href":"https:\/\/monika.versify.digital\/index.php\/wp-json\/wp\/v2\/pages"}],"about":[{"href":"https:\/\/monika.versify.digital\/index.php\/wp-json\/wp\/v2\/types\/page"}],"author":[{"embeddable":true,"href":"https:\/\/monika.versify.digital\/index.php\/wp-json\/wp\/v2\/users\/1"}],"replies":[{"embeddable":true,"href":"https:\/\/monika.versify.digital\/index.php\/wp-json\/wp\/v2\/comments?post=15"}],"version-history":[{"count":13,"href":"https:\/\/monika.versify.digital\/index.php\/wp-json\/wp\/v2\/pages\/15\/revisions"}],"predecessor-version":[{"id":81,"href":"https:\/\/monika.versify.digital\/index.php\/wp-json\/wp\/v2\/pages\/15\/revisions\/81"}],"wp:attachment":[{"href":"https:\/\/monika.versify.digital\/index.php\/wp-json\/wp\/v2\/media?parent=15"}],"curies":[{"name":"wp","href":"https:\/\/api.w.org\/{rel}","templated":true}]}}